{"id":381,"date":"2024-05-27T11:02:53","date_gmt":"2024-05-27T11:02:53","guid":{"rendered":"https:\/\/harug.pl\/?page_id=381"},"modified":"2024-06-01T10:01:49","modified_gmt":"2024-06-01T10:01:49","slug":"bibliografia-do-cyklu-przezytki-starogermanskie-wsrod-frankow","status":"publish","type":"page","link":"https:\/\/harug.pl\/index.php\/bibliografia-do-cyklu-przezytki-starogermanskie-wsrod-frankow\/","title":{"rendered":"Bibliografia do cyklu: Prze\u017cytki starogerma\u0144skie w\u015br\u00f3d Frank\u00f3w"},"content":{"rendered":"\n<p><strong>Bibliografia<\/strong><\/p>\n\n\n\n<p><strong>G\u0142\u00f3wne \u017ar\u00f3d\u0142a<\/strong> (ca\u0142y tekst powsta\u0142 z ich wykorzystaniem):<\/p>\n\n\n\n<p>Effros Bonnie, <em>Caring for Body &amp; Soul. Burial and the Afterlife in the Merovingian World<\/em>, Filadelfia 2002.<\/p>\n\n\n\n<p>&nbsp;Effros Bonnie, <em>Merovingian Mortuary Archaeology and the making of the Early Middle Ages<\/em>, Berkeley 2003.<\/p>\n\n\n\n<p>Fabbro Eduardo, <em>Germanic Paganism among the Early Salian Franks<\/em>, The Journal of Germanic Mythology &amp; Folklore 2006, nr 4.<\/p>\n\n\n\n<p>Filotas Bernadette, <em>Pagan survivals, superstition and popular cultures in early medieval pastoral literature (500-1000<\/em>), Montreal 2000.<\/p>\n\n\n\n<p>Hen Yitzhak, <em>Culture and Religion in Merovingian Gaul AD 481-751<\/em>, Leiden 1995.<\/p>\n\n\n\n<p>Hillgarth Jocelyn,<em> Christianity and Paganism (350-750). The conversion of Western Europe<\/em>, Filadelfia 1969.<\/p>\n\n\n\n<p>James Edward, <em>The Franks<\/em>, Oksford 1988.<\/p>\n\n\n\n<p>Wallace-Hadrill John, <em>The Frankish Church<\/em>, Oksford 1983.<\/p>\n\n\n\n<p><\/p>\n\n\n\n<p><strong>\u0179r\u00f3d\u0142a tematyczne<\/strong> (s\u0105 miejscem pochodzenia przynajmniej jednej informacji zawartej w tek\u015bcie):<\/p>\n\n\n\n<p>Brownlee Emma,<em> Grave Goods in Early Medieval Europe: regional variability and decline<\/em>, Internet Archeology 2021, nr 56.<\/p>\n\n\n\n<p>Brown Peter, <em>The cult of the saints. Its Rise and Function in Latin Christianity<\/em>, Chicago 1982.<\/p>\n\n\n\n<p>Cain Andrew, Lenski Noel, <em>The Power of Religion in Late Antiquity,<\/em> Ashgate 2009.<\/p>\n\n\n\n<p>Daly William,<em> Clovis: how Barbaric, how Pagan?<\/em>, Speculum 1994, nr 3.<\/p>\n\n\n\n<p>Dierkens Alain, <em>The Evidence of Archaeology [in Merovingian Studies]<\/em>, [w:] <em>The Pagan Middle Ages,<\/em> Woodbridge 1988.<\/p>\n\n\n\n<p>Drinkwater John, Elton Hugh, Fifth-century Gaul: a crisis of identity?, Cambridge 1992.<\/p>\n\n\n\n<p>Effros Bonnie, Isabel Moreira, <em>The Oxford Handbook of the Merovingian World<\/em>, Oksford 2020.<\/p>\n\n\n\n<p>Fischer Svante, <em>The Coins in the Grave of King Childeric<\/em>, Journal of archeology and Ancient History 2015, nr 14.<\/p>\n\n\n\n<p>Fox Yaniv, <em>Power and religion in Merovingian Gaul. Columbanian Monasticism and the Frankish Elites,<\/em> Cambridge 2014.<\/p>\n\n\n\n<p>Geary Patrick,<em> Barbarians and ethnicity,<\/em> [w:] Late Antiquity. A guide to the postclassical world, Cambridge 1999.<\/p>\n\n\n\n<p>Grimm Jakub, <em>Mitologia Niemiecka<\/em>, Londyn 1882.<\/p>\n\n\n\n<p>Hen Yitzhak, <em>Visions of the Afterlife in the Ear<\/em>ly Medieval West, [w:] <em>Imagining the Medieval Afterlife<\/em>, Cambridge 2020.<\/p>\n\n\n\n<p>Heusden Bram, <em>Mapping the Merovingian mortuary landscape: a GIS-based analysis of the locations of the Merovingian cemeteries in the landscape of Northern Gaul<\/em>, Leiden 2022.<\/p>\n\n\n\n<p><a href=\"https:\/\/600transformer.blogspot.com\/2014\/09\/otherness-and-identity-in-merovingian.html\">https:\/\/600transformer.blogspot.com\/2014\/09\/otherness-and-identity-in-merovingian.html<\/a><\/p>\n\n\n\n<p><a href=\"https:\/\/www.merovingianarchaeology.org\/blog\">https:\/\/www.merovingianarchaeology.org\/blog<\/a><\/p>\n\n\n\n<p>Jones John, <em>Creating Holy Kings in Merovingian Gaul: Piety as a Prerequisite for Ideal Kingship in Gregory of Tours\u2019 Historiae<\/em>, Chicago 2023.<\/p>\n\n\n\n<p>Kars Mirjam, <em>A Cultural Perspective on Merovingian Burial Chronology<\/em>, Amsterdam 2011.<\/p>\n\n\n\n<p>Lynch Joseph,<em> Godparents and kinship in Early Medieval Europe,<\/em> Princeton 1986.<\/p>\n\n\n\n<p>MacMaster Thomas, <em>The Origin of Origins: Trojans, Turks and the birth of the myth of Trojan Origins in the medieval world,<\/em> Atlantide 2014, nr 2.<\/p>\n\n\n\n<p>Mathisen Ralph, Shanzer Danuta, <em>Society and Culture in Late Antique Gaul. Revisiting the Sources<\/em>, Londyn 2017.<\/p>\n\n\n\n<p>Meens Rob, Espelo Dorine, Hoven Bram, et al., <em>Religious Franks. Religion and Power in the Frankish Kingdoms: studies in honour of Mayke de Jong<\/em>, Manchester 2016.<\/p>\n\n\n\n<p>Miller David, <em>Ethnogenesis and Religious Revitalization beyond the Roman Frontier: The Case of Frankish Origins<\/em>, Journal of World History 1993, nr 2.<\/p>\n\n\n\n<p>Moreira Isabel,<em> Dreams, Visions and Spiritual Authority in Merovingian Gaul<\/em>, Ithaca 2000.<\/p>\n\n\n\n<p>Perry Walter, <em>The Franks. From their first appearance in history to the de<\/em>ath of King Pepin, Londyn 1857.<\/p>\n\n\n\n<p>Phillips Melissa, <em>Valiant Longhaired Warriors: Symbolizing the Christianity of Merovingian Gaul,<\/em> Vanderbilt 2001.<\/p>\n\n\n\n<p>Pollard Richard, <em>A Morbid Efflorescence: Envisaging the Afterlife in the Carolingian Period<\/em>, [w:] <em>Imagining the Medieval Afterlife,<\/em> Cambridge 2020.<\/p>\n\n\n\n<p>Ritari Katja, Stenger Jan, Andringa William, <em>Being Pagan, Being Christian in Late Antiquity and Early Middle Ages<\/em>, Helsinki 2023.<\/p>\n\n\n\n<p>Shami Gosh, <em>On the origins of Germanic Heroic Poetry. A case study of the Legend of the Burgundians<\/em>, Beitr\u00e4ge zur Geschichte der deutschen Sprache und Literatur 2007, t. 129, nr 1.<\/p>\n\n\n\n<p>Speidel Michael,<em> Ancient Germanic Warriors. Warrior styles from Trajan\u2019s Column to Icelandic Sagas<\/em>, Londyn 2004.<\/p>\n\n\n\n<p>Szarek Anna, <em>Mity i wierzenia grobowe plemion germa\u0144skich od okresu wp\u0142yw\u00f3w rzymskich do pocz\u0105tku czas\u00f3w wiki\u0144skich<\/em>, Krak\u00f3w 2018.<\/p>\n\n\n\n<p>Truc Marie-Cecile, Probable Frankish burials of the sixth century AD at Saint-Dizier, [w:] ACE Conference Brussels: <em>the very beginning of Europe? Early-Medieval Migration and Colonisation<\/em>, Bruksela 2012.<\/p>\n\n\n\n<p>Wallace-Hadrill Andrew, <em>Patronage in Ancient society<\/em>, Londyn 1989.<\/p>\n\n\n\n<p>Wallace-Hadrill John, <em>The Barbarian West<\/em>, Nowy Jork 1962.<\/p>\n\n\n\n<p>Wolfram Herwig, <em>The Roman Empire and its Germanic Peoples<\/em>, Berkeley 1996.<\/p>\n\n\n\n<p>Wood Ian, Shanzer Danuta, <em>Avitus of Vienne. Letters and selected prose<\/em>, Liverpool 2002.<\/p>\n\n\n\n<p>Wood Ian, <em>The Merovingian Kingdoms 450-751<\/em>, Londyn 1994.<\/p>\n\n\n\n<p>Wormald Patrick, Bullough Donald, Collins Roger,<em> Ideal and Reality in Frankish and Anglo-Saxon Society<\/em>, Oksford 1983.<\/p>\n\n\n\n<p><a href=\"https:\/\/libgen.is\/\">Wszystkie powy\u017csze pozycje dost\u0119pne s\u0105 za darmo, pod za\u0142\u0105czonym adresem.<\/a><\/p>\n","protected":false},"excerpt":{"rendered":"<p>Bibliografia G\u0142\u00f3wne \u017ar\u00f3d\u0142a (ca\u0142y tekst powsta\u0142 z ich wykorzystaniem): Effros Bonnie, Caring for Body &amp; Soul. Burial and the Afterlife in the Merovingian World, Filadelfia [&hellip;]<\/p>\n","protected":false},"author":1,"featured_media":0,"parent":0,"menu_order":0,"comment_status":"closed","ping_status":"closed","template":"","meta":{"footnotes":""},"class_list":["post-381","page","type-page","status-publish","hentry"],"_links":{"self":[{"href":"https:\/\/harug.pl\/index.php\/wp-json\/wp\/v2\/pages\/381","targetHints":{"allow":["GET"]}}],"collection":[{"href":"https:\/\/harug.pl\/index.php\/wp-json\/wp\/v2\/pages"}],"about":[{"href":"https:\/\/harug.pl\/index.php\/wp-json\/wp\/v2\/types\/page"}],"author":[{"embeddable":true,"href":"https:\/\/harug.pl\/index.php\/wp-json\/wp\/v2\/users\/1"}],"replies":[{"embeddable":true,"href":"https:\/\/harug.pl\/index.php\/wp-json\/wp\/v2\/comments?post=381"}],"version-history":[{"count":2,"href":"https:\/\/harug.pl\/index.php\/wp-json\/wp\/v2\/pages\/381\/revisions"}],"predecessor-version":[{"id":387,"href":"https:\/\/harug.pl\/index.php\/wp-json\/wp\/v2\/pages\/381\/revisions\/387"}],"wp:attachment":[{"href":"https:\/\/harug.pl\/index.php\/wp-json\/wp\/v2\/media?parent=381"}],"curies":[{"name":"wp","href":"https:\/\/api.w.org\/{rel}","templated":true}]}}