{"id":614,"date":"2024-11-07T15:30:55","date_gmt":"2024-11-07T15:30:55","guid":{"rendered":"https:\/\/harug.pl\/?page_id=614"},"modified":"2024-12-26T19:41:32","modified_gmt":"2024-12-26T19:41:32","slug":"obcy-bogowie","status":"publish","type":"page","link":"https:\/\/harug.pl\/index.php\/obcy-bogowie\/","title":{"rendered":"Obcy Bogowie"},"content":{"rendered":"<div class=\"wp-block-image\">\n<figure class=\"aligncenter size-large\"><img loading=\"lazy\" decoding=\"async\" width=\"1024\" height=\"1024\" src=\"https:\/\/harug.pl\/wp-content\/uploads\/2024\/11\/angelika-wawrzynek-img-8669-1024x1024.jpg\" alt=\"\" class=\"wp-image-616\" srcset=\"https:\/\/harug.pl\/wp-content\/uploads\/2024\/11\/angelika-wawrzynek-img-8669-1024x1024.jpg 1024w, https:\/\/harug.pl\/wp-content\/uploads\/2024\/11\/angelika-wawrzynek-img-8669-300x300.jpg 300w, https:\/\/harug.pl\/wp-content\/uploads\/2024\/11\/angelika-wawrzynek-img-8669-150x150.jpg 150w, https:\/\/harug.pl\/wp-content\/uploads\/2024\/11\/angelika-wawrzynek-img-8669-768x768.jpg 768w, https:\/\/harug.pl\/wp-content\/uploads\/2024\/11\/angelika-wawrzynek-img-8669-1536x1536.jpg 1536w, https:\/\/harug.pl\/wp-content\/uploads\/2024\/11\/angelika-wawrzynek-img-8669.jpg 1920w\" sizes=\"auto, (max-width: 1024px) 100vw, 1024px\" \/><\/figure>\n<\/div>\n\n\n<p class=\"has-text-align-center\"><em><a href=\"https:\/\/www.artstation.com\/artwork\/Kek1WW\">Mokosz, Angelika Wawrzyniak, Wielka Brytania 2023 r.<\/a><\/em><\/p>\n\n\n\n<h3 class=\"wp-block-heading has-text-align-center\"><strong>Mokosz&nbsp;<\/strong><\/h3>\n\n\n\n<p class=\"has-text-align-center\"><em>dos\u0142. Wilgotna<\/em><\/p>\n\n\n\n<p>S\u0142owia\u0144ska bogini czarnej, \u017cyznej gleby. Nie tylko w jej najbardziej przyziemnym, geologicznym sensie, ale bardziej abstrakcyjnie. To bogini ukrytych potencja\u0142\u00f3w, wilgoci kryj\u0105cej si\u0119 mi\u0119dzy grudami i przedwiecznie uznawanej warto\u015bci, jaka tkwi w akrach brudz\u0105cego czarnoziemu. Jest patronk\u0105 p\u0142odno\u015bci, \u017ce\u0144skiej biologii (analogicznie do Friji), oraz wzrostu w jego r\u00f3\u017cnych obliczach. Pomaga wzrosn\u0105\u0107 dzieciom w doros\u0142ych, cierpliwie ucz\u0105c ich wszystkiego, co niezb\u0119dne. Delikatnie wp\u0142ywaj\u0105c na ni\u0107 przeznaczenia, aran\u017cuje swoim wyznawcom okazje do rozwoju\u2026 ale je\u015bli si\u0119 potkn\u0105, zawsze jest gotowa ich z\u0142apa\u0107 i pozbiera\u0107 do kupy. Tak jak w ziemi wydeptano najpewniejsze \u015bcie\u017cki, podobnie Mokosz jest na sw\u00f3j spos\u00f3b bogini\u0105 dr\u00f3g. Warto si\u0119 do niej zwr\u00f3ci\u0107, otwieraj\u0105c nowe etapy we w\u0142asnym \u017cyciu, relacjach z innymi, czy czymkolwiek innym (np. religii). Nie jest bogini\u0105 przej\u015bcia ani otwarcia, ale wr\u0119cz przeciwnie, pozostaje stabilnym i niezmiennym punktem odniesienia. Taki kult jest bezcennym wsparciem w szale\u0144stwie wsp\u00f3\u0142czesnego \u017cycia, a nawiasem m\u00f3wi\u0105c, pozwala lepiej zrozumie\u0107 unikatowy zwi\u0105zek naszych przodk\u00f3w z ziemi\u0105. To bliska ludziom bogini-robotnica, kojarzona z powtarzalnymi zaj\u0119ciami, b\u0119d\u0105cymi tradycyjn\u0105 prac\u0105 kobiet (prz\u0119dzenie, tkanie, praca z we\u0142n\u0105).&nbsp;<\/p>\n\n\n\n<p>Przywo\u0142uj\u0105c po raz pierwszy Mokosz, spodziewajcie si\u0119 gwa\u0142townych ruch\u00f3w powietrza, zdolnych wybi\u0107 szyb\u0119. To jednak nie jest sta\u0142y element jej kultu (bardziej co\u015b w rodzaju unikatowego powitania, oddaj\u0105cego jej wielki duchowy ci\u0119\u017car) i p\u00f3\u017aniej jej obecno\u015b\u0107 pozostaje delikatna, jak przyjemna mgie\u0142ka unosz\u0105ca si\u0119 w lecie nad uroczyskiem.&nbsp;<\/p>\n\n\n\n<figure class=\"wp-block-image size-large\"><img loading=\"lazy\" decoding=\"async\" width=\"1024\" height=\"633\" src=\"https:\/\/harug.pl\/wp-content\/uploads\/2024\/11\/jo-herablue-1024x633.jpg\" alt=\"\" class=\"wp-image-617\" srcset=\"https:\/\/harug.pl\/wp-content\/uploads\/2024\/11\/jo-herablue-1024x633.jpg 1024w, https:\/\/harug.pl\/wp-content\/uploads\/2024\/11\/jo-herablue-300x185.jpg 300w, https:\/\/harug.pl\/wp-content\/uploads\/2024\/11\/jo-herablue-768x475.jpg 768w, https:\/\/harug.pl\/wp-content\/uploads\/2024\/11\/jo-herablue-1536x950.jpg 1536w, https:\/\/harug.pl\/wp-content\/uploads\/2024\/11\/jo-herablue.jpg 1920w\" sizes=\"auto, (max-width: 1024px) 100vw, 1024px\" \/><\/figure>\n\n\n\n<p class=\"has-text-align-center\"><em><a href=\"https:\/\/www.artstation.com\/artwork\/el6BJG\">Greek Goddess Hera, Joanne Kritiana Hartanto, Stany Zjednoczone 2024 r.<\/a><\/em><\/p>\n\n\n\n<h3 class=\"wp-block-heading has-text-align-center\"><strong>Hera&nbsp;<\/strong><\/h3>\n\n\n\n<p class=\"has-text-align-center\"><em>dos\u0142. Obro\u0144czyni<\/em><\/p>\n\n\n\n<p>Kr\u00f3lowa bog\u00f3w Grecji, reprezentuj\u0105ca \u015bwi\u0119ty majestat rodziny. Jest pocieszycielk\u0105 i protektork\u0105 ludzi o upo\u015bledzonej pozycji spo\u0142ecznej, nara\u017conych na z\u0142e traktowanie. Przede wszystkim dotyczy to kobiet, kt\u00f3re w ekstremalnie patriarchalnym spo\u0142ecze\u0144stwie hellenistycznym ucieka\u0142y si\u0119 pod jej obron\u0119, ale tak\u017ce ich dzieci. Czego nie zdo\u0142a ocali\u0107 i powstrzyma\u0107, to mo\u017ce pom\u015bci\u0107 w imieniu swoich nieskorych do przemocy wyznawc\u00f3w. Zapewnia im upodmiotowienie, sprzyja wszelkim pr\u00f3bom odzyskania sprawczo\u015bci przez czcicielki (np. kobietom w polityce czy biznesie).&nbsp;<\/p>\n\n\n\n<p>Jest te\u017c bogini\u0105, ponownie, mocno zwi\u0105zan\u0105 ze sfer\u0105 kobiecej p\u0142ciowo\u015bci. Pomaga przetrwa\u0107 ci\u0105\u017c\u0119 w dobrym stanie psychofizycznym, wyg\u0142usza b\u00f3l gdy dojdzie do porodu, wreszcie uwalnia swoje czcicielki od depresji poporodowej. Zapewnia szcz\u0119\u015bcie we wszelkich operacjach zwi\u0105zanych z \u017cyciem rodzinnym: wyborze partnera, wierno\u015bci ma\u0142\u017ce\u0144skiej, dzieleniu maj\u0105tku i spadk\u00f3w.<\/p>\n\n\n\n<p>Obecno\u015b\u0107 Hery jest uziemiaj\u0105ca, lekko elektryczna, \u015bci\u015ble zwi\u0105zana z fazami ksi\u0119\u017cyca. Najlepiej zwraca\u0107 si\u0119 do niej noc\u0105, przy czystym niebie, kiedy dociera do nas \u015bwiat\u0142o gwiazd. Jest niesamowicie cierpliwym i \u0142askawym b\u00f3stwem, chocia\u017c wybrednym je\u015bli chodzi o kontakty. Preferuje bibliomancj\u0119 (homeryck\u0105) oraz piromancj\u0119.<\/p>\n\n\n<div class=\"wp-block-image\">\n<figure class=\"aligncenter size-large\"><img loading=\"lazy\" decoding=\"async\" width=\"1024\" height=\"839\" src=\"https:\/\/harug.pl\/wp-content\/uploads\/2024\/11\/apollo_by_perditionxroad_ddnu6s8-fullview-1024x839.jpg\" alt=\"\" class=\"wp-image-618\" srcset=\"https:\/\/harug.pl\/wp-content\/uploads\/2024\/11\/apollo_by_perditionxroad_ddnu6s8-fullview-1024x839.jpg 1024w, https:\/\/harug.pl\/wp-content\/uploads\/2024\/11\/apollo_by_perditionxroad_ddnu6s8-fullview-300x246.jpg 300w, https:\/\/harug.pl\/wp-content\/uploads\/2024\/11\/apollo_by_perditionxroad_ddnu6s8-fullview-768x629.jpg 768w, https:\/\/harug.pl\/wp-content\/uploads\/2024\/11\/apollo_by_perditionxroad_ddnu6s8-fullview.jpg 1280w\" sizes=\"auto, (max-width: 1024px) 100vw, 1024px\" \/><\/figure>\n<\/div>\n\n\n<p class=\"has-text-align-center\"><em><a href=\"https:\/\/www.deviantart.com\/perditionxroad\/art\/Apollo-826099928\">Apollo, Perditionxroad, Stany Zjednoczone 2020 r.<\/a><\/em><\/p>\n\n\n\n<h3 class=\"wp-block-heading has-text-align-center\"><strong>Apollo&nbsp;<\/strong><\/h3>\n\n\n\n<p class=\"has-text-align-center\"><em>dos\u0142. Usidlaj\u0105cy&nbsp;<\/em><\/p>\n\n\n\n<p>Starogrecki b\u00f3g sztuki oraz s\u0142o\u0144ca, brat bli\u017aniak Artemidy. Patronuje wr\u00f3\u017cbiarstwu, czarodziejstwu, medycynie, szale\u0144stwu, filozofii ale przede wszystkim dziedzinom artystycznym. Jest kapry\u015bnym, wiecznym ch\u0142opcem, kt\u00f3rego wypuszczane nonszalancko strza\u0142y (jasne jak promienie s\u0142oneczne) nios\u0105 ludzko\u015bci rozmaite plagi: zaraz\u0119, g\u0142\u00f3d, szkodniki, n\u0119dz\u0119, zbiorow\u0105 histeri\u0119. A jednak b\u00f3g r\u00f3wnie ch\u0119tnie je cofa, tkni\u0119ty pro\u015bbami swoich wyznawc\u00f3w. Interesuje si\u0119 jednostkami ludzkimi w kt\u00f3rych dostrzega potencja\u0142, wchodz\u0105c z nimi w g\u0142\u0119bokie, trudne relacje. Zapewnia inspiracj\u0119 tw\u00f3rcz\u0105 najskuteczniej ze wszystkich bog\u00f3w, pokazuj\u0105c czcicielom pi\u0119kno w gor\u0105czkowych rojeniach, kt\u00f3rych jest bezpo\u015brednim autorem. Mo\u017ce uczyni\u0107 cz\u0142owieka wielkim, dop\u00f3ki ten przyjmuje jego rady i skrupulatnie wype\u0142nia polecenia. Je\u015bli si\u0119 zbuntuje, Apollo popada w gniew. Tw\u00f3rcze wizje szybko przekszta\u0142caj\u0105 si\u0119 w nawracaj\u0105ce koszmary, nocne wizyty z inspiruj\u0105cych staj\u0105 si\u0119 czym\u015b nieopisanie strasznym. \u0141aska Apolla je\u017adzi na pstrym koniu; potrafi pojawi\u0107 si\u0119 jednej nocy, aby znikn\u0105\u0107 drugiej, ju\u017c znudzony swoim ludzkim pupilem. Kiedy indziej zostawia za sob\u0105 list\u0119 samob\u00f3jstw, pami\u0105tk\u0119 po boskich kochankach, kt\u00f3rzy \u201epo prostu nie wytrzymali presji.\u201d<\/p>\n\n\n\n<p>Zbigniew Herbert s\u0142usznie ochrzci\u0142 go mianem \u201e<em>boga o nerwach z tworzyw sztucznych<\/em>\u201d. To bezkompromisowa posta\u0107, wymagaj\u0105ca wiele oddania ze strony wyznawc\u00f3w, ale przy tym jedna z najhojniejszych w darach. Ukazuje si\u0119 jako sylwetka prawdziwie obca, budz\u0105ca uni\u017cenie w obserwatorach. Pono\u0107 najbardziej ceni szczero\u015b\u0107, porz\u0105dek, b\u0142yskotliwo\u015b\u0107 i ofiarno\u015b\u0107. Dzisiaj prze\u017cywa drug\u0105 m\u0142odo\u015b\u0107, jako patron homoseksualizmu.<\/p>\n\n\n<div class=\"wp-block-image\">\n<figure class=\"aligncenter size-full\"><img loading=\"lazy\" decoding=\"async\" width=\"600\" height=\"800\" src=\"https:\/\/harug.pl\/wp-content\/uploads\/2024\/11\/artemis_by_irenhorrors_dc73qul-375w-2x.jpg\" alt=\"\" class=\"wp-image-619\" srcset=\"https:\/\/harug.pl\/wp-content\/uploads\/2024\/11\/artemis_by_irenhorrors_dc73qul-375w-2x.jpg 600w, https:\/\/harug.pl\/wp-content\/uploads\/2024\/11\/artemis_by_irenhorrors_dc73qul-375w-2x-225x300.jpg 225w\" sizes=\"auto, (max-width: 600px) 100vw, 600px\" \/><\/figure>\n<\/div>\n\n\n<p class=\"has-text-align-center\"><em><a href=\"https:\/\/www.deviantart.com\/irenhorrors\/art\/Artemis-737526189\">Artemis, Ksenia Svincova, Rosja 2018 r.<\/a><\/em><\/p>\n\n\n\n<h3 class=\"wp-block-heading has-text-align-center\"><strong>Artemida&nbsp;<\/strong><\/h3>\n\n\n\n<p class=\"has-text-align-center\"><em>dos\u0142. Wspania\u0142a<\/em><\/p>\n\n\n\n<p>Starecka bogini dziczy, siostra bli\u017aniaczka Apolla. W\u0142ada ksi\u0119\u017cycem, szerokimi zak\u0105tkami \u015bwiata poza zasi\u0119giem cywilizacji, jego zwierz\u0119cymi mieszka\u0144cami oraz wszystkimi, kt\u00f3ry czerpi\u0105 z tego \u017ar\u00f3d\u0142a poluj\u0105c, \u0142owi\u0105c lub zbieraj\u0105c. Nie przepada za ludzko\u015bci\u0105 <em>sensu largo<\/em>, czule odnosz\u0105c si\u0119 wy\u0142\u0105cznie do m\u0142odych dziewcz\u0105t. Jako wieczna nastolatka, bierze je pod swoj\u0105 opiek\u0119 i naucza, jak wyj\u015b\u0107 ca\u0142o z tego trudnego okresu w \u017cyciu. Pomaga przej\u015b\u0107 przez rozterki sercowe, pr\u00f3by buntu (szczeg\u00f3lnie trudne w spo\u0142ecze\u0144stwie starogreckim), oraz dojrzewanie, w\u0142\u0105cznie z pierwsz\u0105 miesi\u0105czk\u0105. B\u0119dzie dla nich duchow\u0105 przyjaci\u00f3\u0142k\u0105 i powierniczk\u0105, niezawodn\u0105 cho\u0107by do \u015bmierci\u2026 chyba \u017ce przedtem zdecyduj\u0105 si\u0119 wyj\u015b\u0107 za m\u0105\u017c. Wtedy trac\u0105 przychylno\u015b\u0107 bogini, kt\u00f3ra przenosi swoje zainteresowanie na kogo\u015b innego.<\/p>\n\n\n\n<p>To bogini powa\u017cna, obowi\u0105zkowa i bezpo\u015brednia. W swoich przekazach nie zostawia miejsca na niuanse, nie kieruje si\u0119 kaprysem, ale bezlito\u015bnie realizuje swoje podstawowe zadania: ochron\u0119 kobiet oraz przyrody. Brutalnie m\u015bci si\u0119 za skrzywdzenie panien pod swoj\u0105 opiek\u0105, podobnie jak niegdy\u015b \u015bwi\u0119tych jeleni. Artemida odmawia powa\u017cnej wsp\u00f3\u0142pracy z m\u0119\u017cczyznami, chocia\u017c przyjmuje od nich ofiary (zazwyczaj przeb\u0142agalne). Po przyzwaniu, mo\u017cna j\u0105 zobaczy\u0107 k\u0105tem oka. Przypomina wtedy cie\u0144, pe\u0142zaj\u0105cy swobodnie w \u015bwietle ksi\u0119\u017cyca. Kiedy odejdzie z pomieszczenia, mo\u017ce zostawi\u0107 po sobie otwarte okno i kupk\u0119 le\u015bnej \u015bci\u00f3\u0142ki.<\/p>\n\n\n<div class=\"wp-block-image\">\n<figure class=\"aligncenter size-large\"><img loading=\"lazy\" decoding=\"async\" width=\"622\" height=\"1024\" src=\"https:\/\/harug.pl\/wp-content\/uploads\/2024\/11\/Tissot_Jephthahs_Daughter-622x1024.jpg\" alt=\"\" class=\"wp-image-620\" srcset=\"https:\/\/harug.pl\/wp-content\/uploads\/2024\/11\/Tissot_Jephthahs_Daughter-622x1024.jpg 622w, https:\/\/harug.pl\/wp-content\/uploads\/2024\/11\/Tissot_Jephthahs_Daughter-182x300.jpg 182w, https:\/\/harug.pl\/wp-content\/uploads\/2024\/11\/Tissot_Jephthahs_Daughter-768x1265.jpg 768w, https:\/\/harug.pl\/wp-content\/uploads\/2024\/11\/Tissot_Jephthahs_Daughter-932x1536.jpg 932w, https:\/\/harug.pl\/wp-content\/uploads\/2024\/11\/Tissot_Jephthahs_Daughter-1243x2048.jpg 1243w, https:\/\/harug.pl\/wp-content\/uploads\/2024\/11\/Tissot_Jephthahs_Daughter-scaled.jpg 1554w\" sizes=\"auto, (max-width: 622px) 100vw, 622px\" \/><\/figure>\n<\/div>\n\n\n<p class=\"has-text-align-center\"><em>C\u00f3rka Jeftego, James Tissot, Francja, prze\u0142om XIX i XX w. Mimo starotestamentowego tytu\u0142u, artysta przeni\u00f3s\u0142 na p\u0142\u00f3tno zrekonstruowany archeologicznie wizerunek semickiej bogini Tanit.<\/em><\/p>\n\n\n\n<h3 class=\"wp-block-heading has-text-align-center\"><strong>Tanit&nbsp;<\/strong><\/h3>\n\n\n\n<p class=\"has-text-align-center\"><em>dos\u0142. Lamentuj\u0105ca<\/em><\/p>\n\n\n\n<p>Semicka bogini stoj\u0105ca na czele panteonu Kartaginy. Czerpie swoj\u0105 moc z bezkresu nieba oraz wody (symbolem jej pot\u0119gi by\u0142y opady \u015bniegu, wcale niecz\u0119ste w Afryce). Jednak\u017ce prawdziw\u0105 jej domen\u0105 jest zbudowana pomi\u0119dzy tymi masami cywilizacja cz\u0142owieka. Nasze instytucje, gospodarka, ch\u0119\u0107 odkrywania \u015bwiata metod\u0105 pr\u00f3b i b\u0142\u0119d\u00f3w, znajduj\u0105 aprobat\u0119 u tej w\u0142a\u015bnie bogini. Pod jej obron\u0119 oddawano \u015bwie\u017co za\u0142o\u017cone rodziny, zbudowane domy, zak\u0142adane przez kolonist\u00f3w miasta. Na \u015bwiat wp\u0142ywa\u0142a za po\u015brednictwem ksi\u0119\u017cyca, sprawuj\u0105c r\u00f3wnie\u017c kontrol\u0119 nad \u017ce\u0144sk\u0105 biologi\u0105. Jak wiele podobnych bogi\u0144, tak\u017ce ona pociesza\u0142a niewiasty po \u017cyciowych tragediach. Przygarnia\u0142a dzieci zmar\u0142e przedwcze\u015bnie, narodzone martwo lub wprost poronione, zapewniaj\u0105c im dobre za\u015bwiaty ku ukojeniu niedosz\u0142ych matek. Sama prze\u017cy\u0142a strat\u0119 syna, st\u0105d przydomek, kt\u00f3ry wykorzystujemy dzisiaj zamiast jej imienia [prawdziwym mog\u0142o by\u0107 sem. <strong>Hawwah<\/strong>, dos\u0142. Daj\u0105ca \u017bycie]. Tanit mia\u0142a sprowadza\u0107 na ludzi dar kochania si\u0119 nawzajem w ca\u0142ej r\u00f3\u017cnorodno\u015bci tego uczucia.<\/p>\n\n\n\n<p>To najpot\u0119\u017cniejsze b\u00f3stwo z kt\u00f3rym mia\u0142em do czynienia, zdolne czyni\u0107 najprawdziwsze, nieprawdopodobne wr\u0119cz cuda. Pomimo zacnego wieku, nie zatraci\u0142a ani troch\u0119 pozytywnego sentymentu wobec ludzko\u015bci; wci\u0105\u017c jest gotowa pojawi\u0107 si\u0119 tam, gdzie przelano szczere \u0142zy. Ostrzegam jednak, \u017ce przyjmuje wystawne, ekscentryczne ofiary i chyba nieszczeg\u00f3lnie odnajduje si\u0119 w naszym klimacie.&nbsp;<\/p>\n\n\n\n<p class=\"has-text-align-center\"><strong>Interesuj\u0105ce spisy bog\u00f3w<\/strong><\/p>\n\n\n\n<p>Poni\u017cej za\u0142\u0105czam opisy panteon\u00f3w na stronach innych pogan, kt\u00f3re mog\u0105 pos\u0142u\u017cy\u0107 do uzyskania szerszego ogl\u0105du spraw:<\/p>\n\n\n\n<p><strong><a href=\"https:\/\/frankisk-allodium.com\/cultus\/divinities\/\">Allodium Francorum<\/a><\/strong> \u2013 rodzimowiercy germa\u0144scy (z wp\u0142ywami hellenistycznymi) przyjmuj\u0105cy opraw\u0119 religijn\u0105 Frank\u00f3w;<\/p>\n\n\n\n<p><strong><a href=\"https:\/\/fyrnsidu.faith\/the-gods-of-fyrnsidu\/\">Fyrnsidu<\/a><\/strong> \u2013 rodzimowiercy germa\u0144scy, przyjmuj\u0105cy opraw\u0119 religijn\u0105 Anglosas\u00f3w;<\/p>\n\n\n\n<p><strong><a href=\"https:\/\/hellenicfaith.com\/deities\/\">Hellenic Faith<\/a><\/strong> \u2013 helleni\u015bci kontynuuj\u0105cy my\u015bl religijn\u0105 cesarza Juliana Apostaty;<\/p>\n\n\n\n<p><strong><a href=\"https:\/\/ingwine.org\/lorehoard\/tag\/gods\/\">Ingwina Ferraeden<\/a> <\/strong>\u2013 rodzimowiercy germa\u0144scy, przyjmuj\u0105cy zachodniogerma\u0144sk\u0105 opraw\u0119 religijn\u0105 (Anglia-Niemcy-Niderlandy);<\/p>\n\n\n\n<p><a href=\"https:\/\/larhusfyrnsida.com\/fundamentals\/godu\/\"><strong>Larhus Fyrnsida<\/strong> <\/a>\u2013 rodzimowiercy germa\u0144scy, przyjmuj\u0105cy opraw\u0119 religijn\u0105 Anglosas\u00f3w;<\/p>\n\n\n\n<p><strong><a href=\"https:\/\/olympeion.pl\/content\/panteon\">Olympeion<\/a> <\/strong>\u2013 polscy wyznawcy religii hellenistycznej;<\/p>\n\n\n\n<p><strong><a href=\"http:\/\/www.geocities.ws\/reginheim\/home.html\">Reginheim<\/a><\/strong> \u2013 rodzimowiercy germa\u0144scy, przyjmuj\u0105cy opraw\u0119 religijn\u0105 dawnych Niderland\u00f3w;<\/p>\n\n\n\n<p><a href=\"https:\/\/senobessusbolgon.wordpress.com\/deities\/\"><strong>Senobessu Bolgon<\/strong> <\/a>\u2013 rodzimowiercy germano-celtyccy, przyjmuj\u0105cy opraw\u0119 religijn\u0105 Belg\u00f3w;<\/p>\n\n\n\n<p><strong><a href=\"https:\/\/thesunriders.wordpress.com\/theology\/divinities\/\">Sidjus Reidarje Sauilis<\/a><\/strong> \u2013 rodzimowiercy germa\u0144scy (z wp\u0142ywami celtyckimi i hellenistycznymi), przyjmuj\u0105cy opraw\u0119 religijn\u0105 Got\u00f3w;<\/p>\n\n\n\n<p><a href=\"https:\/\/www.englatheod.org\/gods.htm\"><strong>Wednesbury Shire<\/strong> <\/a>\u2013 rodzimowiercy germa\u0144scy, przyjmuj\u0105cy opraw\u0119 religijn\u0105 Anglosas\u00f3w.<\/p>\n\n\n\n<p><a href=\"https:\/\/harug.pl\/index.php\/panteon-harugu\/\"><strong>Z POWROTEM DO BOG\u00d3W GERMA\u0143SKICH.<\/strong><\/a><\/p>\n\n\n\n<p><\/p>\n","protected":false},"excerpt":{"rendered":"<p>Mokosz, Angelika Wawrzyniak, Wielka Brytania 2023 r. Mokosz&nbsp; dos\u0142. Wilgotna S\u0142owia\u0144ska bogini czarnej, \u017cyznej gleby. Nie tylko w jej najbardziej przyziemnym, geologicznym sensie, ale bardziej [&hellip;]<\/p>\n","protected":false},"author":1,"featured_media":0,"parent":0,"menu_order":0,"comment_status":"closed","ping_status":"closed","template":"","meta":{"footnotes":""},"class_list":["post-614","page","type-page","status-publish","hentry"],"_links":{"self":[{"href":"https:\/\/harug.pl\/index.php\/wp-json\/wp\/v2\/pages\/614","targetHints":{"allow":["GET"]}}],"collection":[{"href":"https:\/\/harug.pl\/index.php\/wp-json\/wp\/v2\/pages"}],"about":[{"href":"https:\/\/harug.pl\/index.php\/wp-json\/wp\/v2\/types\/page"}],"author":[{"embeddable":true,"href":"https:\/\/harug.pl\/index.php\/wp-json\/wp\/v2\/users\/1"}],"replies":[{"embeddable":true,"href":"https:\/\/harug.pl\/index.php\/wp-json\/wp\/v2\/comments?post=614"}],"version-history":[{"count":6,"href":"https:\/\/harug.pl\/index.php\/wp-json\/wp\/v2\/pages\/614\/revisions"}],"predecessor-version":[{"id":637,"href":"https:\/\/harug.pl\/index.php\/wp-json\/wp\/v2\/pages\/614\/revisions\/637"}],"wp:attachment":[{"href":"https:\/\/harug.pl\/index.php\/wp-json\/wp\/v2\/media?parent=614"}],"curies":[{"name":"wp","href":"https:\/\/api.w.org\/{rel}","templated":true}]}}